{"id":1814,"date":"2019-09-30T17:49:33","date_gmt":"2019-09-30T16:49:33","guid":{"rendered":"http:\/\/pristem.com\/?page_id=1814"},"modified":"2023-06-12T15:46:03","modified_gmt":"2023-06-12T14:46:03","slug":"disclaimer-and-confidentiality-note","status":"publish","type":"page","link":"https:\/\/pristem.com\/fr\/disclaimer-and-confidentiality-note\/","title":{"rendered":"Disclaimer and Confidentiality note"},"content":{"rendered":"\n<div class=\"wp-block-columns has-2-columns is-layout-flex wp-container-core-columns-is-layout-9d6595d7 wp-block-columns-is-layout-flex\">\n<div class=\"wp-block-column is-layout-flow wp-block-column-is-layout-flow\">\n<p style=\"color:#00509a;text-align:left\" class=\"has-text-color\"><strong>CONFIDENTIALITY STATEMENT:<\/strong><\/p>\n\n\n\n<p style=\"color:#00509a;text-align:left\" class=\"has-text-color\">The content and attachments of this e-mail and any rights attached hereto are the property of Pristem SA and contain confidential information intended only for the addressee(s) named herein, unless the content clearly indicates otherwise. It is strictly forbidden to share any part of this message and its attachments with any third party, without a written consent of the sender. <\/p>\n\n\n\n<p style=\"color:#00509a\" class=\"has-text-color\"><strong><em>Should you not be the recipient specified in message, or received this e-mail in error, please notify immediately the sender and delete this e-mail permanently.<\/em><\/strong><em> <\/em>If you are not the intended recipient, you are hereby notified that disclosing, copying and distributing information from the content and attachments of this e-mail or taking any action in reliance on it is strictly prohibited. <\/p>\n<\/div>\n\n\n\n<div class=\"wp-block-column is-layout-flow wp-block-column-is-layout-flow\">\n<p style=\"color:#6e6e6e\" class=\"has-text-color\"><strong>AVERTISSEMENT DE CONFIDENTIALITE :<\/strong><\/p>\n\n\n\n<p style=\"color:#6e6e6e;text-align:left\" class=\"has-text-color\">Ce message et ses \u00e9ventuelles annexes sont la propri\u00e9t\u00e9 de Pristem SA et  peuvent contenir des informations confidentielles, couvertes par le  secret professionnel ou r\u00e9serv\u00e9es exclusivement \u00e0 leur destinataire, \u00e0  moins que le contraire ne soit clairement indiqu\u00e9. Toute utilisation,  diffusion ou divulgation d\u2019une partie ou de l\u2019int\u00e9gralit\u00e9 du contenu ou  des fichiers attach\u00e9s \u00e0 ce message sans autorisation expresse de  l\u2019exp\u00e9diteur est rigoureusement interdite. <\/p>\n\n\n\n<p style=\"color:#6e6e6e\" class=\"has-text-color\"><strong><em>Si vous n&rsquo;en \u00eates pas le  destinataire, merci de prendre imm\u00e9diatement contact avec l&rsquo;exp\u00e9diteur  et de d\u00e9truire ce message de mani\u00e8re d\u00e9finitive.<\/em><\/strong> Si vous n\u2019\u00eates pas de  destinataire sp\u00e9cifi\u00e9 explicitement par le message, vous \u00eates avis\u00e9 par  la pr\u00e9sente que toute diffusion, toute divulgation ou tout transfert de  ce courrier ou d\u2019une partie de son contenu ou des fichiers attach\u00e9s est  ill\u00e9gal.<\/p>\n<\/div>\n<\/div>\n\n\n\n<div class=\"wp-block-columns has-2-columns is-layout-flex wp-container-core-columns-is-layout-9d6595d7 wp-block-columns-is-layout-flex\">\n<div class=\"wp-block-column is-layout-flow wp-block-column-is-layout-flow\"><p><br>\n<!--StartFragment--><\/p>\n\n\n<p style=\"color:#00509a;text-align:left\" class=\"has-text-color\"><strong>LIABILITY DISCLAIMER:<\/strong><\/p>\n\n\n\n<p style=\"color:#00509a;text-align:left\" class=\"has-text-color\"><strong><em>Views and opinions expressed in this e-mail are those of the sender unless clearly stated as those of Pristem SA. <\/em><\/strong>The content of this message, including all files attached, can only commit Pristem SA with a written and signed confirmation from a person holding a position to imply and commit the company, especially on a legal level. <\/p>\n\n\n\n<p style=\"color:#00509a\" class=\"has-text-color\">Pristem SA accept no liability for any loss or damages incurred or suffered, resulting in or arising, from the use of this email or its attachments. Pristem SA do not warrant the integrity of this e-mail and the accuracy and veracity of the information it contains, nor that it is free of errors, viruses or interception. Pristem SA do not accept liability for any errors or omissions in the contents of this message which arise as a result of email transmission.  <\/p>\n\n\n<p><!--EndFragment--><br \/><br \/><\/p><\/div>\n\n\n\n<div class=\"wp-block-column is-layout-flow wp-block-column-is-layout-flow\"><p><br>\n<!--StartFragment--><\/p>\n\n\n<p style=\"color:#6e6e6e\" class=\"has-text-color\"><strong>NOTICE DE NON-RESPONSABILITE  :<\/strong><\/p>\n\n\n\n<p style=\"color:#6e6e6e;text-align:left\" class=\"has-text-color\"><em><strong>Les vues et opinions exprim\u00e9es dans ce message sont uniquement  celles de l\u2019exp\u00e9diteur \u00e0 moins que sp\u00e9cifiquement d\u00e9crites comme celles  de Pristem SA.<\/strong><\/em> Le contenu de ce message ainsi que tous les fichiers qui  lui sont rattach\u00e9s ne peuvent engager Pristem SA qu&rsquo;avec une  confirmation \u00e9crite sign\u00e9e par une personne ayant les pouvoirs d&rsquo;engager  valablement la compagnie, notamment sur le plan juridique. <\/p>\n\n\n\n<p style=\"color:#6e6e6e\" class=\"has-text-color\">Pristem SA n&rsquo;assume aucune responsabilit\u00e9 pour toute perte ou tout dommage encouru  ou subi, r\u00e9sultant ou d\u00e9coulant, du fait de l&rsquo;utilisation de ce message  et de ses fichiers attach\u00e9s. Pristem SA n\u2019offre aucune garantie quant \u00e0  l\u2019int\u00e9grit\u00e9 de ce courrier et l&rsquo;exactitude et la v\u00e9racit\u00e9 des  informations qu\u2019il contient, ni au fait que ce courrier ne contient pas  d\u2019erreurs, virus ou qu\u2019il n\u2019ait pas \u00e9t\u00e9 intercept\u00e9. Pristem SA d\u00e9cline  toute responsabilit\u00e9 pour d\u2019\u00e9ventuelles erreurs ou omissions dans le  contenu de ce message et des fichiers attach\u00e9s qui pourraient r\u00e9sulter  d\u2019un probl\u00e8me de transmission.   <strong> <\/strong><\/p>\n\n\n<p><!--EndFragment--><br \/><br \/><\/p><\/div>\n<\/div>\n","protected":false},"excerpt":{"rendered":"<p>CONFIDENTIALITY STATEMENT: The content and attachments of this e-mail and any rights attached hereto are the property of Pristem SA and contain confidential information intended only for the addressee(s) named herein, unless the content clearly indicates otherwise. It is strictly forbidden to share any part of this message and its attachments with any third party,<\/p>\n<p class=\"more-link\"><a href=\"https:\/\/pristem.com\/fr\/disclaimer-and-confidentiality-note\/\" class=\"themebutton\">Read More<\/a><\/p>\n","protected":false},"author":1,"featured_media":0,"parent":0,"menu_order":0,"comment_status":"closed","ping_status":"closed","template":"","meta":{"_lmt_disableupdate":"no","_lmt_disable":"","footnotes":""},"class_list":["post-1814","page","type-page","status-publish","hentry"],"translation":{"provider":"WPGlobus","version":"2.12.2","language":"fr","enabled_languages":["en","fr"],"languages":{"en":{"title":true,"content":true,"excerpt":false},"fr":{"title":false,"content":false,"excerpt":false}}},"_links":{"self":[{"href":"https:\/\/pristem.com\/fr\/wp-json\/wp\/v2\/pages\/1814","targetHints":{"allow":["GET"]}}],"collection":[{"href":"https:\/\/pristem.com\/fr\/wp-json\/wp\/v2\/pages"}],"about":[{"href":"https:\/\/pristem.com\/fr\/wp-json\/wp\/v2\/types\/page"}],"author":[{"embeddable":true,"href":"https:\/\/pristem.com\/fr\/wp-json\/wp\/v2\/users\/1"}],"replies":[{"embeddable":true,"href":"https:\/\/pristem.com\/fr\/wp-json\/wp\/v2\/comments?post=1814"}],"version-history":[{"count":15,"href":"https:\/\/pristem.com\/fr\/wp-json\/wp\/v2\/pages\/1814\/revisions"}],"predecessor-version":[{"id":1832,"href":"https:\/\/pristem.com\/fr\/wp-json\/wp\/v2\/pages\/1814\/revisions\/1832"}],"wp:attachment":[{"href":"https:\/\/pristem.com\/fr\/wp-json\/wp\/v2\/media?parent=1814"}],"curies":[{"name":"wp","href":"https:\/\/api.w.org\/{rel}","templated":true}]}}